{"id":379,"date":"2021-01-14T14:00:24","date_gmt":"2021-01-14T19:00:24","guid":{"rendered":"http:\/\/35.226.116.95\/?page_id=379"},"modified":"2021-02-14T16:52:35","modified_gmt":"2021-02-14T21:52:35","slug":"blog","status":"publish","type":"page","link":"https:\/\/firtsclass.com\/?page_id=379","title":{"rendered":"Blog"},"content":{"rendered":"\n<figure class=\"wp-block-image size-large\"><img data-recalc-dims=\"1\" fetchpriority=\"high\" decoding=\"async\" width=\"512\" height=\"373\" src=\"https:\/\/i0.wp.com\/35.226.116.95\/wp-content\/uploads\/2021\/01\/unnamed.png?resize=512%2C373\" alt=\"\" class=\"wp-image-388\" srcset=\"https:\/\/i0.wp.com\/firtsclass.com\/wp-content\/uploads\/2021\/01\/unnamed.png?w=512&amp;ssl=1 512w, https:\/\/i0.wp.com\/firtsclass.com\/wp-content\/uploads\/2021\/01\/unnamed.png?resize=300%2C219&amp;ssl=1 300w\" sizes=\"(max-width: 512px) 100vw, 512px\" \/><\/figure>\n\n\n\n<p><a href=\"#\">Los Mejores Hoteles en Canc\u00fan para Viajar en Familia<\/a><\/p>\n\n\n\n<p>Viajar en familia es una de las experiencias m\u00e1s reconfortantes de la vida, olvidarse de la cotidianidad y disponer cuerpo, mente y alma a la aventura es algo que indudablemente debemos hacer al menos una vez al a\u00f1o y que mejor lugar para hacerlo que\u2026 <\/p>\n\n\n\n<div class=\"wp-block-buttons is-layout-flex wp-block-buttons-is-layout-flex\">\n<div class=\"wp-block-button\"><a class=\"wp-block-button__link\" href=\"https:\/\/firtsclass.com\/2021\/01\/14\/los-mejores-hoteles-en-cancun-para-viajar-en-familia\/?preview_id=398&amp;preview_nonce=89b91f6e00&amp;preview=true\">Leer m\u00e1s<\/a><\/div>\n<\/div>\n\n\n\n<p><a href=\"#\">Bacalar, el lugar perfecto para estar con amigos<\/a><\/p>\n\n\n\n<p>A principios del 2017, despu\u00e9s de leer D\u00edas festivos 2017: Calendario con d\u00edas de puente en M\u00e9xico y ver que el primer puente del a\u00f1o quedaba perfecto para celebrar el cumplea\u00f1os de una amiga, decidimos celebrar en la laguna de los 7 colores en lo&#8230; <\/p>\n\n\n\n<div class=\"wp-block-buttons is-layout-flex wp-block-buttons-is-layout-flex\">\n<div class=\"wp-block-button\"><a class=\"wp-block-button__link\" href=\"https:\/\/firtsclass.com\/2021\/01\/14\/bacalar-el-lugar-perfecto-para-estar-con-amigos\/\">Leer m\u00e1s<\/a><\/div>\n<\/div>\n\n\n\n<p><a href=\"#\">3 Zonas Arqueol\u00f3gicas que seguramente no conoc\u00edas<\/a><\/p>\n\n\n\n<p>M\u00e9xico es un mosaico natural y cultural incre\u00edble, desde sus inigualables playas y selvas, hasta sus majestuosas ciudades y riqueza gastron\u00f3mica, cada espacio con una historia que contar y una nueva aventura que vivir. Entre los espacios de M\u00e9xico&#8230; <\/p>\n\n\n\n<div class=\"wp-block-buttons is-layout-flex wp-block-buttons-is-layout-flex\">\n<div class=\"wp-block-button\"><a class=\"wp-block-button__link\" href=\"https:\/\/firtsclass.com\/2021\/01\/14\/3-zonas-arqueologicas-que-seguramente-no-conocias\/\">Leer m\u00e1s<\/a><\/div>\n<\/div>\n\n\n\n<p><a href=\"#\">Consejos para ahorrar y poder viajar m\u00e1s<\/a><\/p>\n\n\n\n<p>Muchas veces, nos preguntamos c\u00f3mo otras personas tienen tanta facilidad para viajar cuando nosotros ara\u00f1amos de los ahorros para realizar una simple escapada. Sin embargo, existen muchas posibilidades a la hora de moverte por el mundo siempre que ha\u2026<\/p>\n\n\n\n<div class=\"wp-block-buttons is-layout-flex wp-block-buttons-is-layout-flex\">\n<div class=\"wp-block-button\"><a class=\"wp-block-button__link\" href=\"https:\/\/firtsclass.com\/2021\/01\/14\/consejos-para-ahorrar-y-poder-viajar-mas\/\">Leer m\u00e1s<\/a><\/div>\n<\/div>\n\n\n\n<p><a href=\"#\">Principales tipos de viajeros<\/a><\/p>\n\n\n\n<p>Viajar supone abrirse a otras culturas, formas de vivir y s\u00ed, tambi\u00e9n a unos viajeros que, en ocasiones, pueden caer en ciertos e irresistibles clich\u00e9s. Estos son los tipos de viajeros que seguro encontrar\u00e1s en tu pr\u00f3xima escapada. El alternativo En \u2026 <\/p>\n\n\n\n<div class=\"wp-block-buttons is-layout-flex wp-block-buttons-is-layout-flex\">\n<div class=\"wp-block-button\"><a class=\"wp-block-button__link\" href=\"https:\/\/firtsclass.com\/2021\/01\/14\/principales-tipos-de-viajeros\/\">Leer m\u00e1s<\/a><\/div>\n<\/div>\n\n\n\n<p><a href=\"#\">Qu\u00e9 hacer en una escala eterna en el aeropuerto<\/a><\/p>\n\n\n\n<p>Cuando viajamos, las escalas se nos antojan a veces un freno innecesario a la hora de llegar a un determinado destino. Miramos el reloj, consultamos el panel de salidas como si no hubiese un ma\u00f1ana y el sol sigue en la misma posici\u00f3n a trav\u00e9s de los \u2026<\/p>\n\n\n\n<div class=\"wp-block-buttons is-layout-flex wp-block-buttons-is-layout-flex\">\n<div class=\"wp-block-button\"><a class=\"wp-block-button__link\" href=\"https:\/\/firtsclass.com\/2021\/01\/14\/que-hacer-en-una-escala-eterna-en-el-aeropuerto\/\">Leer m\u00e1s<\/a><\/div>\n<\/div>\n\n\n\n<p><a href=\"#\">Los amaneceres m\u00e1s bellos del mundo<\/a><\/p>\n\n\n\n<p>En nuestra vida pocos momentos podr\u00e1n compararse al hecho de contemplar un amanecer. El despertar del mundo y sus colores conforman un espect\u00e1culo que deber\u00edamos detenernos a vivir cada d\u00eda, siendo un reclamo usual cuando viajamos, el estr\u00e9s es menor\u2026<\/p>\n\n\n\n<div class=\"wp-block-buttons is-layout-flex wp-block-buttons-is-layout-flex\">\n<div class=\"wp-block-button\"><a class=\"wp-block-button__link\" href=\"https:\/\/firtsclass.com\/2021\/01\/14\/los-amaneceres-mas-bellos-del-mundo\/\">Leer m\u00e1s<\/a><\/div>\n<\/div>\n\n\n\n<p><a href=\"#\">Mejores destinos para conocer en globo<\/a><\/p>\n\n\n\n<p>Muchos de nosotros hemos so\u00f1ado alguna vez que pod\u00edamos volar, esa capacidad que a\u00fan se le escapa al ser humano pero que gracias a los aviones hoy d\u00eda podemos cumplir sin ning\u00fan problema. Sin embargo, a veces necesitamos algo m\u00e1s, quiz\u00e1s hacerlo al a\u2026<\/p>\n\n\n\n<div class=\"wp-block-buttons is-layout-flex wp-block-buttons-is-layout-flex\">\n<div class=\"wp-block-button\"><a class=\"wp-block-button__link\" href=\"https:\/\/firtsclass.com\/2021\/01\/14\/mejores-destinos-para-conocer-en-globo\/\">Leer m\u00e1s<\/a><\/div>\n<\/div>\n","protected":false},"excerpt":{"rendered":"<p>Los Mejores Hoteles en Canc\u00fan para Viajar en Familia Viajar en familia es una de las experiencias m\u00e1s reconfortantes de la vida, olvidarse de la cotidianidad y disponer cuerpo, mente y alma a la aventura es algo que indudablemente debemos hacer al menos una vez al a\u00f1o y que mejor lugar para hacerlo que\u2026 Bacalar, [&hellip;]<\/p>\n","protected":false},"author":1,"featured_media":0,"parent":0,"menu_order":0,"comment_status":"closed","ping_status":"closed","template":"","meta":{"footnotes":""},"class_list":["post-379","page","type-page","status-publish","hentry","entry"],"_links":{"self":[{"href":"https:\/\/firtsclass.com\/index.php?rest_route=\/wp\/v2\/pages\/379","targetHints":{"allow":["GET"]}}],"collection":[{"href":"https:\/\/firtsclass.com\/index.php?rest_route=\/wp\/v2\/pages"}],"about":[{"href":"https:\/\/firtsclass.com\/index.php?rest_route=\/wp\/v2\/types\/page"}],"author":[{"embeddable":true,"href":"https:\/\/firtsclass.com\/index.php?rest_route=\/wp\/v2\/users\/1"}],"replies":[{"embeddable":true,"href":"https:\/\/firtsclass.com\/index.php?rest_route=%2Fwp%2Fv2%2Fcomments&post=379"}],"version-history":[{"count":12,"href":"https:\/\/firtsclass.com\/index.php?rest_route=\/wp\/v2\/pages\/379\/revisions"}],"predecessor-version":[{"id":973,"href":"https:\/\/firtsclass.com\/index.php?rest_route=\/wp\/v2\/pages\/379\/revisions\/973"}],"wp:attachment":[{"href":"https:\/\/firtsclass.com\/index.php?rest_route=%2Fwp%2Fv2%2Fmedia&parent=379"}],"curies":[{"name":"wp","href":"https:\/\/api.w.org\/{rel}","templated":true}]}}