{"id":764,"date":"2021-02-06T13:43:31","date_gmt":"2021-02-06T18:43:31","guid":{"rendered":"https:\/\/firtsclass.com\/?page_id=764"},"modified":"2021-02-17T15:25:47","modified_gmt":"2021-02-17T20:25:47","slug":"mision-y-vision","status":"publish","type":"page","link":"https:\/\/firtsclass.com\/?page_id=764","title":{"rendered":"Misi\u00f3n y Visi\u00f3n"},"content":{"rendered":"\n<figure class=\"wp-block-image size-large\"><img data-recalc-dims=\"1\" fetchpriority=\"high\" decoding=\"async\" width=\"550\" height=\"347\" src=\"https:\/\/i0.wp.com\/firtsclass.com\/wp-content\/uploads\/2021\/02\/mision-vision.png?resize=550%2C347&#038;ssl=1\" alt=\"\" class=\"wp-image-1084\" srcset=\"https:\/\/i0.wp.com\/firtsclass.com\/wp-content\/uploads\/2021\/02\/mision-vision.png?w=550&amp;ssl=1 550w, https:\/\/i0.wp.com\/firtsclass.com\/wp-content\/uploads\/2021\/02\/mision-vision.png?resize=300%2C189&amp;ssl=1 300w\" sizes=\"(max-width: 550px) 100vw, 550px\" \/><\/figure>\n\n\n\n<p><strong>OBJETIVO GENERAL:<\/strong><\/p>\n\n\n\n<p>Crecer econ\u00f3micamente como empresa tur\u00edstica a trav\u00e9s de las ventas de servicios o productos de los m\u00e1s altos est\u00e1ndares de calidad y manteniendo la confiabilidad y fidelidad de nuestros clientes.<\/p>\n\n\n\n<p><strong>OBJETIVOS ESPEC\u00cdFICOS:<\/strong><\/p>\n\n\n\n<p>Mantener constante capacitaci\u00f3n del talento humano de la empresa&nbsp; para lograr prestar&nbsp; una atenci\u00f3n personalizada a nuestros clientes, logrando aumentar de manera efectiva las ventas de cada uno de los servicios prestados<\/p>\n\n\n\n<p><strong>Misi\u00f3n<\/strong><\/p>\n\n\n\n<p>Brindar un servicio personalizado de calidad, siempre tratando de superar las expectativas del cliente, ofreciendo las mejores opciones en materia tur\u00edstica para satisfacer sus necesidades y deseos. Buscamos mantener una relaci\u00f3n duradera con nuestros clientes con atenci\u00f3n post venta y un seguimiento personalizado para fomentar la lealtad y asegurar una satisfacci\u00f3n total. <\/p>\n\n\n\n<p><strong>Visi\u00f3n<\/strong><\/p>\n\n\n\n<p>Expandirnos para ofrecer nuestros servicios de agencia de viajes en l\u00ednea al turismo nacional y extranjero hacia todos los destinos principales de M\u00e9xico; manteniendo altos est\u00e1ndares de calidad y la atenci\u00f3n personalizada, c\u00e1lida y humana que nos distingue, promoviendo el turismo en nuestro pa\u00eds e innovando constantemente para lograr mayor eficiencia en los procesos y brindar cada d\u00eda un mejor servicio.<\/p>\n","protected":false},"excerpt":{"rendered":"<p>OBJETIVO GENERAL: Crecer econ\u00f3micamente como empresa tur\u00edstica a trav\u00e9s de las ventas de servicios o productos de los m\u00e1s altos est\u00e1ndares de calidad y manteniendo la confiabilidad y fidelidad de nuestros clientes. OBJETIVOS ESPEC\u00cdFICOS: Mantener constante capacitaci\u00f3n del talento humano de la empresa&nbsp; para lograr prestar&nbsp; una atenci\u00f3n personalizada a nuestros clientes, logrando aumentar de [&hellip;]<\/p>\n","protected":false},"author":1,"featured_media":0,"parent":0,"menu_order":0,"comment_status":"closed","ping_status":"closed","template":"","meta":{"footnotes":""},"class_list":["post-764","page","type-page","status-publish","hentry","entry"],"_links":{"self":[{"href":"https:\/\/firtsclass.com\/index.php?rest_route=\/wp\/v2\/pages\/764","targetHints":{"allow":["GET"]}}],"collection":[{"href":"https:\/\/firtsclass.com\/index.php?rest_route=\/wp\/v2\/pages"}],"about":[{"href":"https:\/\/firtsclass.com\/index.php?rest_route=\/wp\/v2\/types\/page"}],"author":[{"embeddable":true,"href":"https:\/\/firtsclass.com\/index.php?rest_route=\/wp\/v2\/users\/1"}],"replies":[{"embeddable":true,"href":"https:\/\/firtsclass.com\/index.php?rest_route=%2Fwp%2Fv2%2Fcomments&post=764"}],"version-history":[{"count":2,"href":"https:\/\/firtsclass.com\/index.php?rest_route=\/wp\/v2\/pages\/764\/revisions"}],"predecessor-version":[{"id":1086,"href":"https:\/\/firtsclass.com\/index.php?rest_route=\/wp\/v2\/pages\/764\/revisions\/1086"}],"wp:attachment":[{"href":"https:\/\/firtsclass.com\/index.php?rest_route=%2Fwp%2Fv2%2Fmedia&parent=764"}],"curies":[{"name":"wp","href":"https:\/\/api.w.org\/{rel}","templated":true}]}}